{"id":1122,"date":"2020-06-09T14:33:21","date_gmt":"2020-06-09T11:33:21","guid":{"rendered":"http:\/\/stekonair.com\/variable-low-velocity-diffuser-vqa\/"},"modified":"2024-04-29T16:47:28","modified_gmt":"2024-04-29T13:47:28","slug":"variable-low-velocity-diffuser-vqa","status":"publish","type":"page","link":"https:\/\/www.stekonair.com\/en\/slt-products\/variable-low-velocity-diffuser-vqa\/","title":{"rendered":"VAR\u0130ABLE LOW VELOC\u0130TY D\u0130FFUSER VQA"},"content":{"rendered":"<p>[vc_row full_width=&#8221;stretch_row&#8221;][vc_column width=&#8221;1\/2&#8243;]<div id=\"ultimate-heading-698469f268649355e\" class=\"uvc-heading ult-adjust-bottom-margin ultimate-heading-698469f268649355e uvc-1569  uvc-heading-default-font-sizes\" data-hspacer=\"no_spacer\"  data-halign=\"left\" style=\"text-align:left\"><div class=\"uvc-heading-spacer no_spacer\" style=\"top\"><\/div><div class=\"uvc-main-heading ult-responsive\"  data-ultimate-target='.uvc-heading.ultimate-heading-698469f268649355e h2'  data-responsive-json-new='{\"font-size\":\"\",\"line-height\":\"\"}' ><h2 style=\"--font-weight:theme;\">VAR\u0130ABLE LOW VELOC\u0130TY D\u0130FFUSER<\/h2><\/div><div class=\"uvc-sub-heading ult-responsive\"  data-ultimate-target='.uvc-heading.ultimate-heading-698469f268649355e .uvc-sub-heading '  data-responsive-json-new='{\"font-size\":\"desktop:30px;\",\"line-height\":\"desktop:30px;\"}'  style=\"font-family:&#039;Open Sans&#039;;font-weight:700;\">VQA<\/div><\/div>[vc_empty_space height=&#8221;20px&#8221;]<div id=\"ultimate-heading-6069f26864935e5\" class=\"uvc-heading ult-adjust-bottom-margin ultimate-heading-6069f26864935e5 uvc-4325  uvc-heading-default-font-sizes\" data-hspacer=\"no_spacer\"  data-halign=\"left\" style=\"text-align:left\"><div class=\"uvc-heading-spacer no_spacer\" style=\"top\"><\/div><div class=\"uvc-sub-heading ult-responsive\"  data-ultimate-target='.uvc-heading.ultimate-heading-6069f26864935e5 .uvc-sub-heading '  data-responsive-json-new='{\"font-size\":\"desktop:14px;\",\"line-height\":\"desktop:20px;\"}'  style=\"font-family:&#039;Open Sans&#039;;font-weight:normal;font-style:normal;\">The VQA is an innovative low velocity diffuser with variably adjustable outflow geometry meeting the highest of aesthetic demands. The selectable outflow surfaces are rectangular, round, half-round, flat-round, quarter-round, hexagonal, half-hexagonal, quarter-hexagonal, special surfaces are possible. The perforated front plates are invisibly mounted to a connecting unit with a round or rectangular spigot and interior distribution elements. They can be disassembled from the room side without a problem in order to adjust the jet geometry or for cleaning purposes. There are no visible screws or other mounting systems. Certified in accordance with the DVI 6022 and SWKI VA-104-01 guidelines.<\/p>\n<p>FUNCTION AND EFFECT<\/p>\n<p>The pivotable, variable draw elements with integrated linear nozzles behind the front panel provide optimal flow characteristics and an even admission flow of the front surface. For adjustments to the flow direction they can be rotated by 360\u00b0 and the linear nozzles can be used for further configuration. The (for low velocity diffusers) usual low to medium air velocities in combination with subnormal temperatures lead to, due to the density differences, the air gravitating towards the floor and creating an evenly spread sea of fresh air. At heat sources the air rises to the ceiling area as a result of the convection.<\/div><\/div>[vc_row_inner css=&#8221;.vc_custom_1576310671458{padding-top: 20px !important;padding-bottom: 20px !important;}&#8221;][vc_column_inner width=&#8221;1\/2&#8243;]<div class=\" ubtn-ctn-left \"><a class=\"ubtn-link ult-adjust-bottom-margin ubtn-left ubtn-normal \" href=\"https:\/\/www.slt-lingen.de\/pdf_files\/3-1-vqa-2022-09_804_2.pdf\" target=\"_blank\" rel=\"noopener nofollow\"><button type=\"button\" id=\"ubtn-2404\"  class=\"ubtn ult-adjust-bottom-margin ult-responsive ubtn-normal ubtn-no-hover-bg  none  ubtn-left   tooltip-69f2686493648\"  data-hover=\"\" data-border-color=\"\" data-bg=\"#818a90\" data-hover-bg=\"\" data-border-hover=\"\" data-shadow-hover=\"\" data-shadow-click=\"none\" data-shadow=\"\" data-shd-shadow=\"\"  data-ultimate-target='#ubtn-2404'  data-responsive-json-new='{\"font-size\":\"desktop:15px;\",\"line-height\":\"\"}'  style=\"font-weight:normal;border-radius:5px;border-width:0px;border-color:;border-style:solid;background: #818a90;color: #ffffff;\"><span class=\"ubtn-hover\" style=\"background-color:\"><\/span><span class=\"ubtn-data ubtn-text \" >Technical Catalog<\/span><\/button><\/a><\/div>[\/vc_column_inner][vc_column_inner width=&#8221;1\/2&#8243;][\/vc_column_inner][\/vc_row_inner][\/vc_column][vc_column width=&#8221;1\/2&#8243;][vc_single_image image=&#8221;943&#8243; img_size=&#8221;full&#8221; alignment=&#8221;center&#8221;][\/vc_column][\/vc_row]<\/p>\n","protected":false},"excerpt":{"rendered":"<p>[vc_row full_width=&#8221;stretch_row&#8221;][vc_column width=&#8221;1\/2&#8243;][vc_empty_space height=&#8221;20px&#8221;][vc_row_inner css=&#8221;.vc_custom_1576310671458{padding-top: 20px !important;padding-bottom: 20px !important;}&#8221;][vc_column_inner width=&#8221;1\/2&#8243;][\/vc_column_inner][vc_column_inner width=&#8221;1\/2&#8243;][\/vc_column_inner][\/vc_row_inner][\/vc_column][vc_column width=&#8221;1\/2&#8243;][vc_single_image image=&#8221;943&#8243; img_size=&#8221;full&#8221; alignment=&#8221;center&#8221;][\/vc_column][\/vc_row]<\/p>\n","protected":false},"author":1,"featured_media":944,"parent":1138,"menu_order":0,"comment_status":"closed","ping_status":"closed","template":"","meta":{"footnotes":""},"class_list":["post-1122","page","type-page","status-publish","has-post-thumbnail","hentry","description-off"],"_links":{"self":[{"href":"https:\/\/www.stekonair.com\/en\/wp-json\/wp\/v2\/pages\/1122","targetHints":{"allow":["GET"]}}],"collection":[{"href":"https:\/\/www.stekonair.com\/en\/wp-json\/wp\/v2\/pages"}],"about":[{"href":"https:\/\/www.stekonair.com\/en\/wp-json\/wp\/v2\/types\/page"}],"author":[{"embeddable":true,"href":"https:\/\/www.stekonair.com\/en\/wp-json\/wp\/v2\/users\/1"}],"replies":[{"embeddable":true,"href":"https:\/\/www.stekonair.com\/en\/wp-json\/wp\/v2\/comments?post=1122"}],"version-history":[{"count":0,"href":"https:\/\/www.stekonair.com\/en\/wp-json\/wp\/v2\/pages\/1122\/revisions"}],"up":[{"embeddable":true,"href":"https:\/\/www.stekonair.com\/en\/wp-json\/wp\/v2\/pages\/1138"}],"wp:featuredmedia":[{"embeddable":true,"href":"https:\/\/www.stekonair.com\/en\/wp-json\/wp\/v2\/media\/944"}],"wp:attachment":[{"href":"https:\/\/www.stekonair.com\/en\/wp-json\/wp\/v2\/media?parent=1122"}],"curies":[{"name":"wp","href":"https:\/\/api.w.org\/{rel}","templated":true}]}}