{"id":1132,"date":"2020-06-09T14:37:14","date_gmt":"2020-06-09T11:37:14","guid":{"rendered":"http:\/\/stekonair.com\/freely-suspended-ceiling-induction-diffuser-diaf\/"},"modified":"2024-04-29T16:51:27","modified_gmt":"2024-04-29T13:51:27","slug":"freely-suspended-ceiling-induction-diffuser-diaf","status":"publish","type":"page","link":"https:\/\/www.stekonair.com\/en\/slt-products\/freely-suspended-ceiling-induction-diffuser-diaf\/","title":{"rendered":"FREELY SUSPENDED CHILLED BEAM UNIT &#8211; DIAF"},"content":{"rendered":"<p>[vc_row full_width=&#8221;stretch_row&#8221;][vc_column width=&#8221;1\/2&#8243;]<div id=\"ultimate-heading-886869f38c6de14a4\" class=\"uvc-heading ult-adjust-bottom-margin ultimate-heading-886869f38c6de14a4 uvc-8333  uvc-heading-default-font-sizes\" data-hspacer=\"no_spacer\"  data-halign=\"left\" style=\"text-align:left\"><div class=\"uvc-heading-spacer no_spacer\" style=\"top\"><\/div><div class=\"uvc-main-heading ult-responsive\"  data-ultimate-target='.uvc-heading.ultimate-heading-886869f38c6de14a4 h2'  data-responsive-json-new='{\"font-size\":\"\",\"line-height\":\"\"}' ><h2 style=\"--font-weight:theme;\">FREELY SUSPENDED CE\u0130L\u0130NG \u0130NDUCT\u0130ON D\u0130FFUSER<\/h2><\/div><div class=\"uvc-sub-heading ult-responsive\"  data-ultimate-target='.uvc-heading.ultimate-heading-886869f38c6de14a4 .uvc-sub-heading '  data-responsive-json-new='{\"font-size\":\"desktop:30px;\",\"line-height\":\"desktop:30px;\"}'  style=\"font-family:&#039;Open Sans&#039;;font-weight:700;\">DIAF<\/div><\/div>[vc_empty_space height=&#8221;20px&#8221;]<div id=\"ultimate-heading-68669f38c6de152a\" class=\"uvc-heading ult-adjust-bottom-margin ultimate-heading-68669f38c6de152a uvc-4579  uvc-heading-default-font-sizes\" data-hspacer=\"no_spacer\"  data-halign=\"left\" style=\"text-align:left\"><div class=\"uvc-heading-spacer no_spacer\" style=\"top\"><\/div><div class=\"uvc-sub-heading ult-responsive\"  data-ultimate-target='.uvc-heading.ultimate-heading-68669f38c6de152a .uvc-sub-heading '  data-responsive-json-new='{\"font-size\":\"desktop:14px;\",\"line-height\":\"desktop:20px;\"}'  style=\"font-family:&#039;Open Sans&#039;;font-weight:normal;font-style:normal;\">The room is supplied with centrally purified outside air (primary air) via the ceiling induction diffusers. The used outside air flows through the nozzle into the mixing chamber. At the same time secondary air that flows from the room into the grille and the convector into the mixing chamber is induced. The air flows are mixed and flow as supply air through the special diffuser slots horizontally into the room. Six different lengths and three nozzle sizes (1 &#8211; 3) are available.<\/p>\n<p>FUNCTION AND EFFECT<\/p>\n<p>The two-sided ceiling induction diffuser DIAF enables a comfortable air conditioning of rooms with high cooling loads. The device is designed to be mounted freely suspended under the ceiling. It is equally suited for heating and cooling. The energy advantages of water as a transport medium combined with optimized air discharge and ceiling flow characteristics are used to full extent. The shallow case height of the series DIAF is equally suitable for low ceilings in new constructions and renovation of existing buildings with an ideal room height range of 2,6 to 4,0 m.<\/div><\/div>[vc_row_inner css=&#8221;.vc_custom_1576310671458{padding-top: 20px !important;padding-bottom: 20px !important;}&#8221;][vc_column_inner width=&#8221;1\/2&#8243;]<div class=\" ubtn-ctn-left \"><a class=\"ubtn-link ult-adjust-bottom-margin ubtn-left ubtn-normal \" href=\"https:\/\/www.slt-lingen.de\/pdf_files\/9-4-dia-f-2022-09_905_1.pdf\" target=\"_blank\" rel=\"noopener nofollow\"><button type=\"button\" id=\"ubtn-8728\"  class=\"ubtn ult-adjust-bottom-margin ult-responsive ubtn-normal ubtn-no-hover-bg  none  ubtn-left   tooltip-69f38c6de1580\"  data-hover=\"\" data-border-color=\"\" data-bg=\"#818a90\" data-hover-bg=\"\" data-border-hover=\"\" data-shadow-hover=\"\" data-shadow-click=\"none\" data-shadow=\"\" data-shd-shadow=\"\"  data-ultimate-target='#ubtn-8728'  data-responsive-json-new='{\"font-size\":\"desktop:15px;\",\"line-height\":\"\"}'  style=\"font-weight:normal;border-radius:5px;border-width:0px;border-color:;border-style:solid;background: #818a90;color: #ffffff;\"><span class=\"ubtn-hover\" style=\"background-color:\"><\/span><span class=\"ubtn-data ubtn-text \" >Technical Catalog<\/span><\/button><\/a><\/div>[\/vc_column_inner][vc_column_inner width=&#8221;1\/2&#8243;][\/vc_column_inner][\/vc_row_inner][\/vc_column][vc_column width=&#8221;1\/2&#8243;][vc_single_image image=&#8221;964&#8243; img_size=&#8221;full&#8221; alignment=&#8221;center&#8221;][\/vc_column][\/vc_row]<\/p>\n","protected":false},"excerpt":{"rendered":"<p>[vc_row full_width=&#8221;stretch_row&#8221;][vc_column width=&#8221;1\/2&#8243;][vc_empty_space height=&#8221;20px&#8221;][vc_row_inner css=&#8221;.vc_custom_1576310671458{padding-top: 20px !important;padding-bottom: 20px !important;}&#8221;][vc_column_inner width=&#8221;1\/2&#8243;][\/vc_column_inner][vc_column_inner width=&#8221;1\/2&#8243;][\/vc_column_inner][\/vc_row_inner][\/vc_column][vc_column width=&#8221;1\/2&#8243;][vc_single_image image=&#8221;964&#8243; img_size=&#8221;full&#8221; alignment=&#8221;center&#8221;][\/vc_column][\/vc_row]<\/p>\n","protected":false},"author":1,"featured_media":965,"parent":1138,"menu_order":0,"comment_status":"closed","ping_status":"closed","template":"","meta":{"footnotes":""},"class_list":["post-1132","page","type-page","status-publish","has-post-thumbnail","hentry","description-off"],"_links":{"self":[{"href":"https:\/\/www.stekonair.com\/en\/wp-json\/wp\/v2\/pages\/1132","targetHints":{"allow":["GET"]}}],"collection":[{"href":"https:\/\/www.stekonair.com\/en\/wp-json\/wp\/v2\/pages"}],"about":[{"href":"https:\/\/www.stekonair.com\/en\/wp-json\/wp\/v2\/types\/page"}],"author":[{"embeddable":true,"href":"https:\/\/www.stekonair.com\/en\/wp-json\/wp\/v2\/users\/1"}],"replies":[{"embeddable":true,"href":"https:\/\/www.stekonair.com\/en\/wp-json\/wp\/v2\/comments?post=1132"}],"version-history":[{"count":0,"href":"https:\/\/www.stekonair.com\/en\/wp-json\/wp\/v2\/pages\/1132\/revisions"}],"up":[{"embeddable":true,"href":"https:\/\/www.stekonair.com\/en\/wp-json\/wp\/v2\/pages\/1138"}],"wp:featuredmedia":[{"embeddable":true,"href":"https:\/\/www.stekonair.com\/en\/wp-json\/wp\/v2\/media\/965"}],"wp:attachment":[{"href":"https:\/\/www.stekonair.com\/en\/wp-json\/wp\/v2\/media?parent=1132"}],"curies":[{"name":"wp","href":"https:\/\/api.w.org\/{rel}","templated":true}]}}