{"id":1174,"date":"2020-06-09T17:09:41","date_gmt":"2020-06-09T14:09:41","guid":{"rendered":"http:\/\/stekonair.com\/linear-displacement-floor-grille-dfgl\/"},"modified":"2021-06-28T22:21:49","modified_gmt":"2021-06-28T19:21:49","slug":"linear-displacement-floor-grille-dfgl","status":"publish","type":"page","link":"https:\/\/www.stekonair.com\/en\/price-industries-products\/linear-displacement-floor-grille-dfgl\/","title":{"rendered":"LINEAR DISPLACEMENT FLOOR GRILLE &#8211; DFGL"},"content":{"rendered":"<p>[vc_row full_width=&#8221;stretch_row&#8221;][vc_column width=&#8221;1\/2&#8243;]<div id=\"ultimate-heading-967969e33030d6201\" class=\"uvc-heading ult-adjust-bottom-margin ultimate-heading-967969e33030d6201 uvc-5504  uvc-heading-default-font-sizes\" data-hspacer=\"no_spacer\"  data-halign=\"left\" style=\"text-align:left\"><div class=\"uvc-heading-spacer no_spacer\" style=\"top\"><\/div><div class=\"uvc-main-heading ult-responsive\"  data-ultimate-target='.uvc-heading.ultimate-heading-967969e33030d6201 h2'  data-responsive-json-new='{\"font-size\":\"\",\"line-height\":\"\"}' ><h2 style=\"--font-weight:theme;\">L\u0130NEAR D\u0130SPLACEMENT FLOOR GR\u0130LLE<\/h2><\/div><div class=\"uvc-sub-heading ult-responsive\"  data-ultimate-target='.uvc-heading.ultimate-heading-967969e33030d6201 .uvc-sub-heading '  data-responsive-json-new='{\"font-size\":\"desktop:30px;\",\"line-height\":\"desktop:30px;\"}'  style=\"font-family:&#039;Open Sans&#039;;font-weight:700;\">DFGL<\/div><\/div>[vc_empty_space height=&#8221;20px&#8221;]<div id=\"ultimate-heading-624569e33030d6285\" class=\"uvc-heading ult-adjust-bottom-margin ultimate-heading-624569e33030d6285 uvc-9153  uvc-heading-default-font-sizes\" data-hspacer=\"no_spacer\"  data-halign=\"left\" style=\"text-align:left\"><div class=\"uvc-heading-spacer no_spacer\" style=\"top\"><\/div><div class=\"uvc-sub-heading ult-responsive\"  data-ultimate-target='.uvc-heading.ultimate-heading-624569e33030d6285 .uvc-sub-heading '  data-responsive-json-new='{\"font-size\":\"desktop:14px;\",\"line-height\":\"desktop:20px;\"}'  style=\"font-family:&#039;Open Sans&#039;;font-weight:normal;font-style:normal;\">Price DFGL\u00a0displacement floor grilles provide a uniform low velocity flow into a space\u00a0with minimal turbulence or induction of room air. Best suited for linear perimeter applications, the DFGL may be installed with a continuous or segmented look and is typically used in raised floors, floor cavities, or on the top of sills. The cool supply air flows across the floor and gradually fills the occupied space. The superior air quality and low noise levels associated with the DFGL make it suitable for office spaces, places of worship, galleries, museums, schools, or any application that demands a comfortable, quiet space.<br \/>\n\u2022 Ships with protective film on face<br \/>\n\u2022 Pencil proof\u00a0models available: examples 25C, 26C, 27C<br \/>\nFeatures<br \/>\n\u2022 Extruded aluminum frame with reinforcing support bars<br \/>\n\u2022 1- or 2-way discharge patterns<br \/>\n\u2022 Variety of core styles and fasteners<br \/>\n\u2022 Integrated equalization baffle<\/div><\/div>[vc_row_inner css=&#8221;.vc_custom_1576310671458{padding-top: 20px !important;padding-bottom: 20px !important;}&#8221;][vc_column_inner width=&#8221;1\/2&#8243;]<div class=\" ubtn-ctn-left \"><a class=\"ubtn-link ult-adjust-bottom-margin ubtn-left ubtn-normal \" href=\"https:\/\/www.priceindustries.com\/content\/uploads\/assets\/literature\/catalogs\/catalog-pages\/section%20j\/dfgl-linear-displacement-floor-grille-catalog--.pdf\" target=\"_blank\" rel=\"noopener nofollow\"><button type=\"button\" id=\"ubtn-8554\"  class=\"ubtn ult-adjust-bottom-margin ult-responsive ubtn-normal ubtn-no-hover-bg  none  ubtn-left   tooltip-69e33030d62e6\"  data-hover=\"\" data-border-color=\"\" data-bg=\"#818a90\" data-hover-bg=\"\" data-border-hover=\"\" data-shadow-hover=\"\" data-shadow-click=\"none\" data-shadow=\"\" data-shd-shadow=\"\"  data-ultimate-target='#ubtn-8554'  data-responsive-json-new='{\"font-size\":\"desktop:15px;\",\"line-height\":\"\"}'  style=\"font-weight:normal;border-radius:5px;border-width:0px;border-color:;border-style:solid;background: #818a90;color: #ffffff;\"><span class=\"ubtn-hover\" style=\"background-color:\"><\/span><span class=\"ubtn-data ubtn-text \" >Technical Catalog<\/span><\/button><\/a><\/div>[\/vc_column_inner][vc_column_inner width=&#8221;1\/2&#8243;][\/vc_column_inner][\/vc_row_inner][\/vc_column][vc_column width=&#8221;1\/2&#8243;][vc_single_image image=&#8221;1037&#8243; img_size=&#8221;full&#8221; alignment=&#8221;center&#8221;][\/vc_column][\/vc_row]<\/p>\n","protected":false},"excerpt":{"rendered":"<p>[vc_row full_width=&#8221;stretch_row&#8221;][vc_column width=&#8221;1\/2&#8243;][vc_empty_space height=&#8221;20px&#8221;][vc_row_inner css=&#8221;.vc_custom_1576310671458{padding-top: 20px !important;padding-bottom: 20px !important;}&#8221;][vc_column_inner width=&#8221;1\/2&#8243;][\/vc_column_inner][vc_column_inner width=&#8221;1\/2&#8243;][\/vc_column_inner][\/vc_row_inner][\/vc_column][vc_column width=&#8221;1\/2&#8243;][vc_single_image image=&#8221;1037&#8243; img_size=&#8221;full&#8221; alignment=&#8221;center&#8221;][\/vc_column][\/vc_row]<\/p>\n","protected":false},"author":1,"featured_media":1038,"parent":1188,"menu_order":0,"comment_status":"closed","ping_status":"closed","template":"","meta":{"footnotes":""},"class_list":["post-1174","page","type-page","status-publish","has-post-thumbnail","hentry","description-off"],"_links":{"self":[{"href":"https:\/\/www.stekonair.com\/en\/wp-json\/wp\/v2\/pages\/1174","targetHints":{"allow":["GET"]}}],"collection":[{"href":"https:\/\/www.stekonair.com\/en\/wp-json\/wp\/v2\/pages"}],"about":[{"href":"https:\/\/www.stekonair.com\/en\/wp-json\/wp\/v2\/types\/page"}],"author":[{"embeddable":true,"href":"https:\/\/www.stekonair.com\/en\/wp-json\/wp\/v2\/users\/1"}],"replies":[{"embeddable":true,"href":"https:\/\/www.stekonair.com\/en\/wp-json\/wp\/v2\/comments?post=1174"}],"version-history":[{"count":0,"href":"https:\/\/www.stekonair.com\/en\/wp-json\/wp\/v2\/pages\/1174\/revisions"}],"up":[{"embeddable":true,"href":"https:\/\/www.stekonair.com\/en\/wp-json\/wp\/v2\/pages\/1188"}],"wp:featuredmedia":[{"embeddable":true,"href":"https:\/\/www.stekonair.com\/en\/wp-json\/wp\/v2\/media\/1038"}],"wp:attachment":[{"href":"https:\/\/www.stekonair.com\/en\/wp-json\/wp\/v2\/media?parent=1174"}],"curies":[{"name":"wp","href":"https:\/\/api.w.org\/{rel}","templated":true}]}}