{"id":297,"date":"2019-12-14T13:25:35","date_gmt":"2019-12-14T10:25:35","guid":{"rendered":"http:\/\/stekonair.com\/contact\/"},"modified":"2026-01-07T10:16:19","modified_gmt":"2026-01-07T07:16:19","slug":"contact","status":"publish","type":"page","link":"https:\/\/www.stekonair.com\/en\/contact\/","title":{"rendered":"Contact"},"content":{"rendered":"<p>[vc_row full_width=&#8221;stretch_row&#8221; equal_height=&#8221;yes&#8221;][vc_column width=&#8221;1\/2&#8243;][vc_gmaps link=&#8221;#E-8_JTNDaWZyYW1lJTIwc3JjJTNEJTIyaHR0cHMlM0ElMkYlMkZ3d3cuZ29vZ2xlLmNvbSUyRm1hcHMlMkZlbWJlZCUzRnBiJTNEJTIxMW0xOCUyMTFtMTIlMjExbTMlMjExZDY3NjAuNjcyNTUxNzc2NjU2JTIxMmQyOS4wOTA1MzYyMTY1NzM0NjUlMjEzZDQwLjk5MTYxMDc5NTk4NzI5JTIxMm0zJTIxMWYwJTIxMmYwJTIxM2YwJTIxM20yJTIxMWkxMDI0JTIxMmk3NjglMjE0ZjEzLjElMjEzbTMlMjExbTIlMjExczB4MTRjYWM3Mjk1ZGYxOWYyNSUyNTNBMHg3ZTE1OGFlMzRlMjVhOWE5JTIxMnNTVEVLT04lMjUyMCUyNUM0JTI1QjBrbGltbGVuZGlybWUlMjUyMFNpc3RlbWxlcmklMjUyMFNhbi4lMjUyMFRpYy4lMjUyMEEuJTI1QzUlMjU5RS4lMjE1ZTAlMjEzbTIlMjExc3RyJTIxMnN1cyUyMTR2MTU4NjA5NjAzMjcxMiUyMTVtMiUyMTFzdHIlMjEyc3VzJTIyJTIwd2lkdGglM0QlMjI2MDAlMjIlMjBoZWlnaHQlM0QlMjI0NTAlMjIlMjBmcmFtZWJvcmRlciUzRCUyMjAlMjIlMjBzdHlsZSUzRCUyMmJvcmRlciUzQTAlM0IlMjIlMjBhbGxvd2Z1bGxzY3JlZW4lM0QlMjIlMjIlMjBhcmlhLWhpZGRlbiUzRCUyMmZhbHNlJTIyJTIwdGFiaW5kZXglM0QlMjIwJTIyJTNFJTNDJTJGaWZyYW1lJTNF&#8221;][\/vc_column][vc_column width=&#8221;1\/2&#8243;]<div id=\"ultimate-heading-125969f17857991b3\" class=\"uvc-heading ult-adjust-bottom-margin ultimate-heading-125969f17857991b3 uvc-8033  uvc-heading-default-font-sizes\" data-hspacer=\"no_spacer\"  data-halign=\"left\" style=\"text-align:left\"><div class=\"uvc-heading-spacer no_spacer\" style=\"top\"><\/div><div class=\"uvc-main-heading ult-responsive\"  data-ultimate-target='.uvc-heading.ultimate-heading-125969f17857991b3 h2'  data-responsive-json-new='{\"font-size\":\"\",\"line-height\":\"\"}' ><h2 style=\"--font-weight:theme;margin-bottom:20px;\"><b>Stekon<\/b> A.S. Contact<\/h2><\/div><div class=\"uvc-sub-heading ult-responsive\"  data-ultimate-target='.uvc-heading.ultimate-heading-125969f17857991b3 .uvc-sub-heading '  data-responsive-json-new='{\"font-size\":\"\",\"line-height\":\"\"}'  style=\"font-weight:normal;\"><strong>STEKON IKLIMLENDIRME SISTEMLERI SAN. T\u0130C. A.S.<\/strong><\/p>\n<p>Z\u00fcmr\u00fctevler Mah. Handeg\u00fcl Sk. No:2A<\/p>\n<p>34852 Maltepe, \u0130stanbul, T\u00fcrkiye<\/p>\n<p>T. +90 216 470 00 70<\/p>\n<p>info@stekonair.com<\/p>\n<p><strong>www.stekonair.com\u00a0 \u00a0 \u2013\u00a0 \u00a0 www.stekon.com.tr<\/strong><\/div><\/div>[vc_empty_space][\/vc_column][\/vc_row][vc_row][vc_column][vc_row_inner][vc_column_inner width=&#8221;1\/4&#8243; css=&#8221;.vc_custom_1685530564277{background-color: #fcfcfc !important;}&#8221;]<div id=\"ultimate-heading-775169f1785799201\" class=\"uvc-heading ult-adjust-bottom-margin ultimate-heading-775169f1785799201 uvc-4452  uvc-heading-default-font-sizes\" data-hspacer=\"no_spacer\"  data-halign=\"left\" style=\"text-align:left\"><div class=\"uvc-heading-spacer no_spacer\" style=\"top\"><\/div><div class=\"uvc-sub-heading ult-responsive\"  data-ultimate-target='.uvc-heading.ultimate-heading-775169f1785799201 .uvc-sub-heading '  data-responsive-json-new='{\"font-size\":\"\",\"line-height\":\"\"}'  style=\"font-weight:normal;\"><strong>Sales Contact<\/strong><strong>\u00a0:<\/strong><\/p>\n<p>N. Bahad\u0131r Ayd\u0131n<\/p>\n<p><span style=\"color: #000000;\">Mail : bahadiraydin@stekonair.com<\/span><\/p>\n<p><span style=\"color: #000000;\">Mobile : +90 541 732 50 52<\/span><\/div><\/div>[\/vc_column_inner][vc_column_inner width=&#8221;1\/4&#8243; css=&#8221;.vc_custom_1685530618428{background-color: #f4f4f4 !important;}&#8221;]<div id=\"ultimate-heading-355869f1785799230\" class=\"uvc-heading ult-adjust-bottom-margin ultimate-heading-355869f1785799230 uvc-6899  uvc-heading-default-font-sizes\" data-hspacer=\"no_spacer\"  data-halign=\"left\" style=\"text-align:left\"><div class=\"uvc-heading-spacer no_spacer\" style=\"top\"><\/div><div class=\"uvc-sub-heading ult-responsive\"  data-ultimate-target='.uvc-heading.ultimate-heading-355869f1785799230 .uvc-sub-heading '  data-responsive-json-new='{\"font-size\":\"\",\"line-height\":\"\"}'  style=\"font-weight:normal;\"><b>Sales Contact :<\/b><\/p>\n<p>Bet\u00fcl Atalay<\/p>\n<p><span style=\"color: #000000;\">Mail : betulatalay@stekonair.com<\/span><\/p>\n<p><span style=\"color: #000000;\">Mobile : +90 541 732 50 53<\/span><\/div><\/div>[\/vc_column_inner][vc_column_inner width=&#8221;1\/4&#8243; css=&#8221;.vc_custom_1685530578420{background-color: #fcfcfc !important;}&#8221;]<div id=\"ultimate-heading-98369f1785799255\" class=\"uvc-heading ult-adjust-bottom-margin ultimate-heading-98369f1785799255 uvc-8312  uvc-heading-default-font-sizes\" data-hspacer=\"no_spacer\"  data-halign=\"left\" style=\"text-align:left\"><div class=\"uvc-heading-spacer no_spacer\" style=\"top\"><\/div><div class=\"uvc-sub-heading ult-responsive\"  data-ultimate-target='.uvc-heading.ultimate-heading-98369f1785799255 .uvc-sub-heading '  data-responsive-json-new='{\"font-size\":\"\",\"line-height\":\"\"}'  style=\"font-weight:normal;\"><b>General Contact :<\/b><\/p>\n<p>Ender Bilgin<\/p>\n<p><span style=\"color: #000000;\">Mail : ebilgin@stekonair.com<\/span><\/p>\n<p><span style=\"color: #000000;\">Mobile : +90 533 732 37 38<\/span><\/div><\/div>[\/vc_column_inner][vc_column_inner width=&#8221;1\/4&#8243; css=&#8221;.vc_custom_1685530624903{background-color: #f4f4f4 !important;}&#8221;]<div id=\"ultimate-heading-794769f178579927a\" class=\"uvc-heading ult-adjust-bottom-margin ultimate-heading-794769f178579927a uvc-9065  uvc-heading-default-font-sizes\" data-hspacer=\"no_spacer\"  data-halign=\"left\" style=\"text-align:left\"><div class=\"uvc-heading-spacer no_spacer\" style=\"top\"><\/div><div class=\"uvc-sub-heading ult-responsive\"  data-ultimate-target='.uvc-heading.ultimate-heading-794769f178579927a .uvc-sub-heading '  data-responsive-json-new='{\"font-size\":\"\",\"line-height\":\"\"}'  style=\"font-weight:normal;\"><b>Finance Contact :<\/b><\/p>\n<p>Nurdan Toka\u00e7<\/p>\n<p><span style=\"color: #000000;\">Mail : muhasebe@stekonair.com<\/span><\/p>\n<p><span style=\"color: #000000;\">Mobile : +90 501 168 50 54<\/span><\/div><\/div>[\/vc_column_inner][\/vc_row_inner][\/vc_column][\/vc_row][vc_row][vc_column][vc_column_text]<\/p>\n<p>[\/vc_column_text][\/vc_column][\/vc_row]<\/p>\n","protected":false},"excerpt":{"rendered":"<p>[vc_row full_width=&#8221;stretch_row&#8221; equal_height=&#8221;yes&#8221;][vc_column width=&#8221;1\/2&#8243;][vc_gmaps link=&#8221;#E-8_JTNDaWZyYW1lJTIwc3JjJTNEJTIyaHR0cHMlM0ElMkYlMkZ3d3cuZ29vZ2xlLmNvbSUyRm1hcHMlMkZlbWJlZCUzRnBiJTNEJTIxMW0xOCUyMTFtMTIlMjExbTMlMjExZDY3NjAuNjcyNTUxNzc2NjU2JTIxMmQyOS4wOTA1MzYyMTY1NzM0NjUlMjEzZDQwLjk5MTYxMDc5NTk4NzI5JTIxMm0zJTIxMWYwJTIxMmYwJTIxM2YwJTIxM20yJTIxMWkxMDI0JTIxMmk3NjglMjE0ZjEzLjElMjEzbTMlMjExbTIlMjExczB4MTRjYWM3Mjk1ZGYxOWYyNSUyNTNBMHg3ZTE1OGFlMzRlMjVhOWE5JTIxMnNTVEVLT04lMjUyMCUyNUM0JTI1QjBrbGltbGVuZGlybWUlMjUyMFNpc3RlbWxlcmklMjUyMFNhbi4lMjUyMFRpYy4lMjUyMEEuJTI1QzUlMjU5RS4lMjE1ZTAlMjEzbTIlMjExc3RyJTIxMnN1cyUyMTR2MTU4NjA5NjAzMjcxMiUyMTVtMiUyMTFzdHIlMjEyc3VzJTIyJTIwd2lkdGglM0QlMjI2MDAlMjIlMjBoZWlnaHQlM0QlMjI0NTAlMjIlMjBmcmFtZWJvcmRlciUzRCUyMjAlMjIlMjBzdHlsZSUzRCUyMmJvcmRlciUzQTAlM0IlMjIlMjBhbGxvd2Z1bGxzY3JlZW4lM0QlMjIlMjIlMjBhcmlhLWhpZGRlbiUzRCUyMmZhbHNlJTIyJTIwdGFiaW5kZXglM0QlMjIwJTIyJTNFJTNDJTJGaWZyYW1lJTNF&#8221;][\/vc_column][vc_column width=&#8221;1\/2&#8243;][vc_empty_space][\/vc_column][\/vc_row][vc_row][vc_column][vc_row_inner][vc_column_inner width=&#8221;1\/4&#8243; css=&#8221;.vc_custom_1685530564277{background-color: #fcfcfc !important;}&#8221;][\/vc_column_inner][vc_column_inner width=&#8221;1\/4&#8243; css=&#8221;.vc_custom_1685530618428{background-color: #f4f4f4 !important;}&#8221;][\/vc_column_inner][vc_column_inner width=&#8221;1\/4&#8243; css=&#8221;.vc_custom_1685530578420{background-color: #fcfcfc !important;}&#8221;][\/vc_column_inner][vc_column_inner width=&#8221;1\/4&#8243; css=&#8221;.vc_custom_1685530624903{background-color: #f4f4f4 !important;}&#8221;][\/vc_column_inner][\/vc_row_inner][\/vc_column][\/vc_row][vc_row][vc_column][vc_column_text] [\/vc_column_text][\/vc_column][\/vc_row]<\/p>\n","protected":false},"author":1,"featured_media":0,"parent":0,"menu_order":0,"comment_status":"closed","ping_status":"closed","template":"","meta":{"footnotes":""},"class_list":["post-297","page","type-page","status-publish","hentry","description-off"],"_links":{"self":[{"href":"https:\/\/www.stekonair.com\/en\/wp-json\/wp\/v2\/pages\/297","targetHints":{"allow":["GET"]}}],"collection":[{"href":"https:\/\/www.stekonair.com\/en\/wp-json\/wp\/v2\/pages"}],"about":[{"href":"https:\/\/www.stekonair.com\/en\/wp-json\/wp\/v2\/types\/page"}],"author":[{"embeddable":true,"href":"https:\/\/www.stekonair.com\/en\/wp-json\/wp\/v2\/users\/1"}],"replies":[{"embeddable":true,"href":"https:\/\/www.stekonair.com\/en\/wp-json\/wp\/v2\/comments?post=297"}],"version-history":[{"count":1,"href":"https:\/\/www.stekonair.com\/en\/wp-json\/wp\/v2\/pages\/297\/revisions"}],"predecessor-version":[{"id":3879,"href":"https:\/\/www.stekonair.com\/en\/wp-json\/wp\/v2\/pages\/297\/revisions\/3879"}],"wp:attachment":[{"href":"https:\/\/www.stekonair.com\/en\/wp-json\/wp\/v2\/media?parent=297"}],"curies":[{"name":"wp","href":"https:\/\/api.w.org\/{rel}","templated":true}]}}