{"id":354,"date":"2019-12-16T11:08:12","date_gmt":"2019-12-16T08:08:12","guid":{"rendered":"http:\/\/stekonair.com\/high-ceiling-swirl-diffusers\/"},"modified":"2019-12-16T11:08:37","modified_gmt":"2019-12-16T08:08:37","slug":"high-ceiling-swirl-diffusers","status":"publish","type":"page","link":"https:\/\/www.stekonair.com\/en\/high-ceiling-swirl-diffusers\/","title":{"rendered":"High Ceiling Swirl Diffusers"},"content":{"rendered":"<p>[vc_row full_width=&#8221;stretch_row&#8221;][vc_column width=&#8221;1\/2&#8243;]<div id=\"ultimate-heading-80669d8e079ac243\" class=\"uvc-heading ult-adjust-bottom-margin ultimate-heading-80669d8e079ac243 uvc-8816  uvc-heading-default-font-sizes\" data-hspacer=\"no_spacer\"  data-halign=\"left\" style=\"text-align:left\"><div class=\"uvc-heading-spacer no_spacer\" style=\"top\"><\/div><div class=\"uvc-main-heading ult-responsive\"  data-ultimate-target='.uvc-heading.ultimate-heading-80669d8e079ac243 h2'  data-responsive-json-new='{\"font-size\":\"\",\"line-height\":\"\"}' ><h2 style=\"--font-weight:theme;\">High Ceiling <b>Swirl<\/b> Diffusers<\/h2><\/div><div class=\"uvc-sub-heading ult-responsive\"  data-ultimate-target='.uvc-heading.ultimate-heading-80669d8e079ac243 .uvc-sub-heading '  data-responsive-json-new='{\"font-size\":\"desktop:30px;\",\"line-height\":\"desktop:30px;\"}'  style=\"font-family:&#039;Open Sans&#039;;font-weight:700;\">RDV<\/div><\/div>[vc_empty_space height=&#8221;20px&#8221;]<div id=\"ultimate-heading-531069d8e079ac2a5\" class=\"uvc-heading ult-adjust-bottom-margin ultimate-heading-531069d8e079ac2a5 uvc-2961  uvc-heading-default-font-sizes\" data-hspacer=\"no_spacer\"  data-halign=\"left\" style=\"text-align:left\"><div class=\"uvc-heading-spacer no_spacer\" style=\"top\"><\/div><div class=\"uvc-sub-heading ult-responsive\"  data-ultimate-target='.uvc-heading.ultimate-heading-531069d8e079ac2a5 .uvc-sub-heading '  data-responsive-json-new='{\"font-size\":\"desktop:14px;\",\"line-height\":\"desktop:20px;\"}'  style=\"font-family:&#039;Open Sans&#039;;font-weight:normal;font-style:normal;\">RDV swirl diffusers are designed to provide supply air distribution, in maximum comfort level, in areas with more than 3,5 m ceilling height. Production areas sports saloons, theatres, conference saloons, ballrooms, lobies, shopping centers, airports are these kinds of places. According to mixed air ventilation principles, air throw direction is horizontal in cooling mode and vertical in heating mode. They are suitable for constant or variable air volume systems. Because of high induction effect they help the conditioned area to reach the required conditions as fast as possible. They can be applied for temperature differences in between\u00a0 \u00a0 -12 and +12 K. Adjustable air blades are designed aerodynamically. Air throw direction can be adjusted manually or by a motor located on the unit. They can be installed with or without a plenum box. Diffuser material is powder coated galvanised steel. They can be painted in any RAL code.<\/p>\n<p>Optional Neck Sizes\u00a0 :\u00a0\u00d8200, \u00d8250, \u00d8315, \u00d8400, \u00d8500, \u00d8630<\/div><\/div>[vc_row_inner css=&#8221;.vc_custom_1576310671458{padding-top: 20px !important;padding-bottom: 20px !important;}&#8221;][vc_column_inner width=&#8221;1\/2&#8243;]<div class=\" ubtn-ctn-left \"><a class=\"ubtn-link ult-adjust-bottom-margin ubtn-left ubtn-normal \" href=\"http:\/\/stekonair.com\/wp-content\/uploads\/2019\/12\/STEKON-Swirl-Difuzor-EN.pdf\" target=\"_blank\" rel=\"noopener nofollow\"><button type=\"button\" id=\"ubtn-8845\"  class=\"ubtn ult-adjust-bottom-margin ult-responsive ubtn-normal ubtn-no-hover-bg  none  ubtn-left   tooltip-69d8e079ac2e7\"  data-hover=\"\" data-border-color=\"\" data-bg=\"#818a90\" data-hover-bg=\"\" data-border-hover=\"\" data-shadow-hover=\"\" data-shadow-click=\"none\" data-shadow=\"\" data-shd-shadow=\"\"  data-ultimate-target='#ubtn-8845'  data-responsive-json-new='{\"font-size\":\"desktop:15px;\",\"line-height\":\"\"}'  style=\"font-weight:normal;border-radius:5px;border-width:0px;border-color:;border-style:solid;background: #818a90;color: #ffffff;\"><span class=\"ubtn-hover\" style=\"background-color:\"><\/span><span class=\"ubtn-data ubtn-text \" >Tech. Catalog - EN<\/span><\/button><\/a><\/div><div class=\" ubtn-ctn-left \"><a class=\"ubtn-link ult-adjust-bottom-margin ubtn-left ubtn-normal \" href=\"http:\/\/stekonair.com\/wp-content\/uploads\/2019\/12\/STEKON-Swirl-Difuzor-TR.pdf\" target=\"_blank\" rel=\"noopener nofollow\"><button type=\"button\" id=\"ubtn-7616\"  class=\"ubtn ult-adjust-bottom-margin ult-responsive ubtn-normal ubtn-no-hover-bg  none  ubtn-left   tooltip-69d8e079ac34f\"  data-hover=\"\" data-border-color=\"\" data-bg=\"#818a90\" data-hover-bg=\"\" data-border-hover=\"\" data-shadow-hover=\"\" data-shadow-click=\"none\" data-shadow=\"\" data-shd-shadow=\"\"  data-ultimate-target='#ubtn-7616'  data-responsive-json-new='{\"font-size\":\"desktop:15px;\",\"line-height\":\"\"}'  style=\"font-weight:normal;border-radius:5px;border-width:0px;border-color:;border-style:solid;background: #818a90;color: #ffffff;\"><span class=\"ubtn-hover\" style=\"background-color:\"><\/span><span class=\"ubtn-data ubtn-text \" >Tech. Catalog - TR<\/span><\/button><\/a><\/div>[\/vc_column_inner][vc_column_inner width=&#8221;1\/2&#8243;]<div class=\" ubtn-ctn-left \"><a class=\"ubtn-link ult-adjust-bottom-margin ubtn-left ubtn-normal \" href=\"https:\/\/smartstep.stekonair.com\/\/\" target=\"_blank\" rel=\"noopener nofollow\"><button type=\"button\" id=\"ubtn-2016\"  class=\"ubtn ult-adjust-bottom-margin ult-responsive ubtn-normal ubtn-no-hover-bg  none  ubtn-left   tooltip-69d8e079ac395\"  data-hover=\"\" data-border-color=\"\" data-bg=\"#818a90\" data-hover-bg=\"\" data-border-hover=\"\" data-shadow-hover=\"\" data-shadow-click=\"none\" data-shadow=\"\" data-shd-shadow=\"\"  data-ultimate-target='#ubtn-2016'  data-responsive-json-new='{\"font-size\":\"desktop:15px;\",\"line-height\":\"\"}'  style=\"font-weight:normal;border-radius:5px;border-width:0px;border-color:;border-style:solid;background: #818a90;color: #ffffff;\"><span class=\"ubtn-hover\" style=\"background-color:\"><\/span><span class=\"ubtn-data ubtn-text \" >Selection Software<\/span><\/button><\/a><\/div>[\/vc_column_inner][\/vc_row_inner][\/vc_column][vc_column width=&#8221;1\/2&#8243;][vc_single_image image=&#8221;123&#8243; img_size=&#8221;full&#8221; alignment=&#8221;center&#8221;][\/vc_column][\/vc_row]<\/p>\n","protected":false},"excerpt":{"rendered":"<p>[vc_row full_width=&#8221;stretch_row&#8221;][vc_column width=&#8221;1\/2&#8243;][vc_empty_space height=&#8221;20px&#8221;][vc_row_inner css=&#8221;.vc_custom_1576310671458{padding-top: 20px !important;padding-bottom: 20px !important;}&#8221;][vc_column_inner width=&#8221;1\/2&#8243;][\/vc_column_inner][vc_column_inner width=&#8221;1\/2&#8243;][\/vc_column_inner][\/vc_row_inner][\/vc_column][vc_column width=&#8221;1\/2&#8243;][vc_single_image image=&#8221;123&#8243; img_size=&#8221;full&#8221; alignment=&#8221;center&#8221;][\/vc_column][\/vc_row]<\/p>\n","protected":false},"author":1,"featured_media":0,"parent":0,"menu_order":0,"comment_status":"closed","ping_status":"closed","template":"","meta":{"footnotes":""},"class_list":["post-354","page","type-page","status-publish","hentry","description-off"],"_links":{"self":[{"href":"https:\/\/www.stekonair.com\/en\/wp-json\/wp\/v2\/pages\/354","targetHints":{"allow":["GET"]}}],"collection":[{"href":"https:\/\/www.stekonair.com\/en\/wp-json\/wp\/v2\/pages"}],"about":[{"href":"https:\/\/www.stekonair.com\/en\/wp-json\/wp\/v2\/types\/page"}],"author":[{"embeddable":true,"href":"https:\/\/www.stekonair.com\/en\/wp-json\/wp\/v2\/users\/1"}],"replies":[{"embeddable":true,"href":"https:\/\/www.stekonair.com\/en\/wp-json\/wp\/v2\/comments?post=354"}],"version-history":[{"count":0,"href":"https:\/\/www.stekonair.com\/en\/wp-json\/wp\/v2\/pages\/354\/revisions"}],"wp:attachment":[{"href":"https:\/\/www.stekonair.com\/en\/wp-json\/wp\/v2\/media?parent=354"}],"curies":[{"name":"wp","href":"https:\/\/api.w.org\/{rel}","templated":true}]}}